{"id":9459,"date":"2025-05-05T13:56:48","date_gmt":"2025-05-05T16:56:48","guid":{"rendered":"https:\/\/quintacastro.cl\/?page_id=9459"},"modified":"2025-09-29T06:28:04","modified_gmt":"2025-09-29T09:28:04","slug":"capitanes-en-su-historia","status":"publish","type":"page","link":"https:\/\/quintacastro.cl\/?page_id=9459","title":{"rendered":"Capitanes en su Historia"},"content":{"rendered":"\n<figure class=\"wp-block-table\"><table class=\"has-fixed-layout\"><tbody><tr><td class=\"has-text-align-center\" data-align=\"center\">PERIODO<\/td><td class=\"has-text-align-center\" data-align=\"center\">NOMBRE<\/td><td class=\"has-text-align-center\" data-align=\"center\">IMAGEN<\/td><\/tr><tr><td class=\"has-text-align-center\" data-align=\"center\">06 de Mayo de 1959 al 31 de Diciembre de 1959<\/td><td class=\"has-text-align-center\" data-align=\"center\">Yves Andrade Mouret<\/td><td class=\"has-text-align-center\" data-align=\"center\"><img decoding=\"async\" class=\"wp-image-9460\" style=\"width: 150px;\" src=\"http:\/\/quintacastro.cl\/wp-content\/uploads\/2025\/05\/Ives-Andrade-Mouret.jpg\" alt=\"\"><\/td><\/tr><tr><td class=\"has-text-align-center\" data-align=\"center\">01 de Enero de 1960 al 31 de Diciembre de 1962<\/td><td class=\"has-text-align-center\" data-align=\"center\">Julio Fuentes Oliva<\/td><td class=\"has-text-align-center\" data-align=\"center\"><img loading=\"lazy\" decoding=\"async\" width=\"150\" height=\"151\" class=\"wp-image-9293\" style=\"width: 150px;\" src=\"http:\/\/quintacastro.cl\/wp-content\/uploads\/2025\/04\/0.-ESCUDO-QUINTA-CASTRO.jpg\" alt=\"\" srcset=\"https:\/\/quintacastro.cl\/wp-content\/uploads\/2025\/04\/0.-ESCUDO-QUINTA-CASTRO.jpg 691w, https:\/\/quintacastro.cl\/wp-content\/uploads\/2025\/04\/0.-ESCUDO-QUINTA-CASTRO-298x300.jpg 298w, https:\/\/quintacastro.cl\/wp-content\/uploads\/2025\/04\/0.-ESCUDO-QUINTA-CASTRO-150x150.jpg 150w\" sizes=\"auto, (max-width: 150px) 100vw, 150px\" \/><\/td><\/tr><tr><td class=\"has-text-align-center\" data-align=\"center\">01 de Enero de 1963 al 31 de Diciembre de 1963<br>02 de Junio de 1965 al 31 de Diciembre de 1965<\/td><td class=\"has-text-align-center\" data-align=\"center\">Julio Barrientos Bilisco<\/td><td class=\"has-text-align-center\" data-align=\"center\"><img decoding=\"async\" class=\"wp-image-9402\" style=\"width: 150px;\" src=\"http:\/\/quintacastro.cl\/wp-content\/uploads\/2025\/04\/Captura-de-pantalla-2025-04-08-151542.png\" alt=\"\"><\/td><\/tr><tr><td class=\"has-text-align-center\" data-align=\"center\">01 de Enero de 1964 al 31 de Diciembre de 1964<\/td><td class=\"has-text-align-center\" data-align=\"center\">Osvaldo Barrientos Alvarado<\/td><td class=\"has-text-align-center\" data-align=\"center\"><img loading=\"lazy\" decoding=\"async\" width=\"150\" height=\"213\" class=\"wp-image-9305\" style=\"width: 150px;\" src=\"http:\/\/quintacastro.cl\/wp-content\/uploads\/2025\/04\/Osvaldo-Barrientos-Alvarado.png\" alt=\"\"><\/td><\/tr><tr><td class=\"has-text-align-center\" data-align=\"center\">01 de Enero de 1965 al 01 de Junio de 1965<\/td><td class=\"has-text-align-center\" data-align=\"center\">Francisco Hern\u00e1n Soto D\u00edaz<\/td><td class=\"has-text-align-center\" data-align=\"center\"><img loading=\"lazy\" decoding=\"async\" width=\"150\" height=\"151\" class=\"wp-image-9293\" style=\"width: 150px;\" src=\"http:\/\/quintacastro.cl\/wp-content\/uploads\/2025\/04\/0.-ESCUDO-QUINTA-CASTRO.jpg\" alt=\"\" srcset=\"https:\/\/quintacastro.cl\/wp-content\/uploads\/2025\/04\/0.-ESCUDO-QUINTA-CASTRO.jpg 691w, https:\/\/quintacastro.cl\/wp-content\/uploads\/2025\/04\/0.-ESCUDO-QUINTA-CASTRO-298x300.jpg 298w, https:\/\/quintacastro.cl\/wp-content\/uploads\/2025\/04\/0.-ESCUDO-QUINTA-CASTRO-150x150.jpg 150w\" sizes=\"auto, (max-width: 150px) 100vw, 150px\" \/><\/td><\/tr><tr><td class=\"has-text-align-center\" data-align=\"center\">01 de Enero de 1966 al 17 de Julio de 1967<\/td><td class=\"has-text-align-center\" data-align=\"center\">H\u00e9ctor Mu\u00f1oz B\u00f3rquez<\/td><td class=\"has-text-align-center\" data-align=\"center\"><img loading=\"lazy\" decoding=\"async\" width=\"150\" height=\"151\" class=\"wp-image-9293\" style=\"width: 150px;\" src=\"http:\/\/quintacastro.cl\/wp-content\/uploads\/2025\/04\/0.-ESCUDO-QUINTA-CASTRO.jpg\" alt=\"\" srcset=\"https:\/\/quintacastro.cl\/wp-content\/uploads\/2025\/04\/0.-ESCUDO-QUINTA-CASTRO.jpg 691w, https:\/\/quintacastro.cl\/wp-content\/uploads\/2025\/04\/0.-ESCUDO-QUINTA-CASTRO-298x300.jpg 298w, https:\/\/quintacastro.cl\/wp-content\/uploads\/2025\/04\/0.-ESCUDO-QUINTA-CASTRO-150x150.jpg 150w\" sizes=\"auto, (max-width: 150px) 100vw, 150px\" \/><\/td><\/tr><tr><td class=\"has-text-align-center\" data-align=\"center\">18 de Julio de 1967 al 31 de Diciembre de 1968<\/td><td class=\"has-text-align-center\" data-align=\"center\">Carlos Enrique Rehbein Schnettler <\/td><td class=\"has-text-align-center\" data-align=\"center\"><img loading=\"lazy\" decoding=\"async\" width=\"150\" height=\"151\" class=\"wp-image-9293\" style=\"width: 150px;\" src=\"http:\/\/quintacastro.cl\/wp-content\/uploads\/2025\/04\/0.-ESCUDO-QUINTA-CASTRO.jpg\" alt=\"\" srcset=\"https:\/\/quintacastro.cl\/wp-content\/uploads\/2025\/04\/0.-ESCUDO-QUINTA-CASTRO.jpg 691w, https:\/\/quintacastro.cl\/wp-content\/uploads\/2025\/04\/0.-ESCUDO-QUINTA-CASTRO-298x300.jpg 298w, https:\/\/quintacastro.cl\/wp-content\/uploads\/2025\/04\/0.-ESCUDO-QUINTA-CASTRO-150x150.jpg 150w\" sizes=\"auto, (max-width: 150px) 100vw, 150px\" \/><\/td><\/tr><tr><td class=\"has-text-align-center\" data-align=\"center\">01 de Enero de 1969 al 31 de Diciembre de 1971<br>02 de Agosto de 1972 al 31 de Diciembre de 1973<\/td><td class=\"has-text-align-center\" data-align=\"center\">Luis C\u00e1ceres \u00c1guila<\/td><td class=\"has-text-align-center\" data-align=\"center\"><img loading=\"lazy\" decoding=\"async\" width=\"150\" height=\"151\" class=\"wp-image-9293\" style=\"width: 150px;\" src=\"http:\/\/quintacastro.cl\/wp-content\/uploads\/2025\/04\/0.-ESCUDO-QUINTA-CASTRO.jpg\" alt=\"\" srcset=\"https:\/\/quintacastro.cl\/wp-content\/uploads\/2025\/04\/0.-ESCUDO-QUINTA-CASTRO.jpg 691w, https:\/\/quintacastro.cl\/wp-content\/uploads\/2025\/04\/0.-ESCUDO-QUINTA-CASTRO-298x300.jpg 298w, https:\/\/quintacastro.cl\/wp-content\/uploads\/2025\/04\/0.-ESCUDO-QUINTA-CASTRO-150x150.jpg 150w\" sizes=\"auto, (max-width: 150px) 100vw, 150px\" \/><\/td><\/tr><tr><td class=\"has-text-align-center\" data-align=\"center\">01 de Enero de 1972 al 01 de Agosto de 1972<\/td><td class=\"has-text-align-center\" data-align=\"center\">Orfelino Oyarzo Maldonado <\/td><td class=\"has-text-align-center\" data-align=\"center\"><img loading=\"lazy\" decoding=\"async\" width=\"150\" height=\"173\" class=\"wp-image-9634\" style=\"width: 150px;\" src=\"http:\/\/quintacastro.cl\/wp-content\/uploads\/2025\/09\/ORFELINO-OARZO.jpg\" alt=\"\" srcset=\"https:\/\/quintacastro.cl\/wp-content\/uploads\/2025\/09\/ORFELINO-OARZO.jpg 480w, https:\/\/quintacastro.cl\/wp-content\/uploads\/2025\/09\/ORFELINO-OARZO-260x300.jpg 260w\" sizes=\"auto, (max-width: 150px) 100vw, 150px\" \/><img decoding=\"async\" class=\"wp-image-9401\" style=\"width: 150px;\" src=\"http:\/\/quintacastro.cl\/wp-content\/uploads\/2025\/04\/ORFELINO-OYARZO.jpeg\" alt=\"\"><\/td><\/tr><tr><td class=\"has-text-align-center\" data-align=\"center\">01 de Enero de 1974 al 31 de Diciembre de 1975<br>02 de Marzo de 1977 al 31 de Octubre de 1977<br>01 de Enero de 1979 al 26 de Septiembre de 1979<br>01 de Enero de 1987 al 03 de Marzo de 1989<\/td><td class=\"has-text-align-center\" data-align=\"center\">Jorge Aburto Calixto<\/td><td class=\"has-text-align-center\" data-align=\"center\"><img loading=\"lazy\" decoding=\"async\" width=\"150\" height=\"183\" class=\"wp-image-9645\" style=\"width: 150px;\" src=\"http:\/\/quintacastro.cl\/wp-content\/uploads\/2025\/09\/JORGE-ABURTO.jpg\" alt=\"\" srcset=\"https:\/\/quintacastro.cl\/wp-content\/uploads\/2025\/09\/JORGE-ABURTO.jpg 839w, https:\/\/quintacastro.cl\/wp-content\/uploads\/2025\/09\/JORGE-ABURTO-246x300.jpg 246w, https:\/\/quintacastro.cl\/wp-content\/uploads\/2025\/09\/JORGE-ABURTO-768x937.jpg 768w\" sizes=\"auto, (max-width: 150px) 100vw, 150px\" \/><img decoding=\"async\" class=\"wp-image-9461\" style=\"width: 150px;\" src=\"http:\/\/quintacastro.cl\/wp-content\/uploads\/2025\/05\/Jorge-Aburto-Antigua.png\" alt=\"\"><\/td><\/tr><tr><td class=\"has-text-align-center\" data-align=\"center\">01 de Enero de 1976 al 01 de Marzo de 1977<br>02 de Abril de 1989 al 31 de Diciembre de 1989<\/td><td class=\"has-text-align-center\" data-align=\"center\">Jos\u00e9 Bernardo D\u00edaz C\u00e1rdenas<\/td><td class=\"has-text-align-center\" data-align=\"center\"><img loading=\"lazy\" decoding=\"async\" width=\"150\" height=\"156\" class=\"wp-image-9644\" style=\"width: 150px;\" src=\"http:\/\/quintacastro.cl\/wp-content\/uploads\/2025\/09\/BERNARDO-DIAZ.jpg\" alt=\"\" srcset=\"https:\/\/quintacastro.cl\/wp-content\/uploads\/2025\/09\/BERNARDO-DIAZ.jpg 1952w, https:\/\/quintacastro.cl\/wp-content\/uploads\/2025\/09\/BERNARDO-DIAZ-288x300.jpg 288w, https:\/\/quintacastro.cl\/wp-content\/uploads\/2025\/09\/BERNARDO-DIAZ-984x1024.jpg 984w, https:\/\/quintacastro.cl\/wp-content\/uploads\/2025\/09\/BERNARDO-DIAZ-768x799.jpg 768w, https:\/\/quintacastro.cl\/wp-content\/uploads\/2025\/09\/BERNARDO-DIAZ-1476x1536.jpg 1476w\" sizes=\"auto, (max-width: 150px) 100vw, 150px\" \/><img decoding=\"async\" class=\"wp-image-9462\" style=\"width: 150px;\" src=\"http:\/\/quintacastro.cl\/wp-content\/uploads\/2025\/05\/Captura-de-pantalla-2025-05-05-121402.png\" alt=\"\"><\/td><\/tr><tr><td class=\"has-text-align-center\" data-align=\"center\">01 de Noviembre de 1977 al 31 de Diciembre de 1978<\/td><td class=\"has-text-align-center\" data-align=\"center\">Oscar Humberto C\u00e1rdenas Mac\u00edas<\/td><td class=\"has-text-align-center\" data-align=\"center\"><img loading=\"lazy\" decoding=\"async\" width=\"150\" height=\"184\" class=\"wp-image-9643\" style=\"width: 150px;\" src=\"http:\/\/quintacastro.cl\/wp-content\/uploads\/2025\/09\/HUMBERTO-CARDENAS.jpg\" alt=\"\" srcset=\"https:\/\/quintacastro.cl\/wp-content\/uploads\/2025\/09\/HUMBERTO-CARDENAS.jpg 1808w, https:\/\/quintacastro.cl\/wp-content\/uploads\/2025\/09\/HUMBERTO-CARDENAS-245x300.jpg 245w, https:\/\/quintacastro.cl\/wp-content\/uploads\/2025\/09\/HUMBERTO-CARDENAS-835x1024.jpg 835w, https:\/\/quintacastro.cl\/wp-content\/uploads\/2025\/09\/HUMBERTO-CARDENAS-768x941.jpg 768w, https:\/\/quintacastro.cl\/wp-content\/uploads\/2025\/09\/HUMBERTO-CARDENAS-1253x1536.jpg 1253w, https:\/\/quintacastro.cl\/wp-content\/uploads\/2025\/09\/HUMBERTO-CARDENAS-1671x2048.jpg 1671w\" sizes=\"auto, (max-width: 150px) 100vw, 150px\" \/><img decoding=\"async\" class=\"wp-image-9463\" style=\"width: 150px;\" src=\"http:\/\/quintacastro.cl\/wp-content\/uploads\/2025\/05\/Humberto-Cardenas.jpg\" alt=\"\"><\/td><\/tr><tr><td class=\"has-text-align-center\" data-align=\"center\">04 de Agosto de 1979 al 25 de Agosto de 1979<\/td><td class=\"has-text-align-center\" data-align=\"center\">\u00c1ngel Renato Mac\u00edas Mac\u00edas<\/td><td class=\"has-text-align-center\" data-align=\"center\"><img loading=\"lazy\" decoding=\"async\" width=\"150\" height=\"174\" class=\"wp-image-9628\" style=\"width: 150px;\" src=\"http:\/\/quintacastro.cl\/wp-content\/uploads\/2025\/09\/Renato-Macias-scaled.png\" alt=\"\" srcset=\"https:\/\/quintacastro.cl\/wp-content\/uploads\/2025\/09\/Renato-Macias-scaled.png 2209w, https:\/\/quintacastro.cl\/wp-content\/uploads\/2025\/09\/Renato-Macias-259x300.png 259w, https:\/\/quintacastro.cl\/wp-content\/uploads\/2025\/09\/Renato-Macias-884x1024.png 884w, https:\/\/quintacastro.cl\/wp-content\/uploads\/2025\/09\/Renato-Macias-768x890.png 768w, https:\/\/quintacastro.cl\/wp-content\/uploads\/2025\/09\/Renato-Macias-1326x1536.png 1326w, https:\/\/quintacastro.cl\/wp-content\/uploads\/2025\/09\/Renato-Macias-1768x2048.png 1768w\" sizes=\"auto, (max-width: 150px) 100vw, 150px\" \/><img decoding=\"async\" class=\"wp-image-9410\" style=\"width: 150px;\" src=\"http:\/\/quintacastro.cl\/wp-content\/uploads\/2025\/04\/renato-macias.jpeg\" alt=\"\"><\/td><\/tr><tr><td class=\"has-text-align-center\" data-align=\"center\">26 de Agosto de 1979 al 18 de Junio de 1985<\/td><td class=\"has-text-align-center\" data-align=\"center\">Manuel Ernesto C\u00e1rcamo C\u00e1rcamo<\/td><td class=\"has-text-align-center\" data-align=\"center\"><img decoding=\"async\" class=\"wp-image-9464\" style=\"width: 150px;\" src=\"http:\/\/quintacastro.cl\/wp-content\/uploads\/2025\/05\/Ernesto-Carcamo-1980.jpg\" alt=\"\"><img loading=\"lazy\" decoding=\"async\" width=\"150\" height=\"173\" class=\"wp-image-9642\" style=\"width: 150px;\" src=\"http:\/\/quintacastro.cl\/wp-content\/uploads\/2025\/09\/ERNESTO-CARCAMO.jpg\" alt=\"\" srcset=\"https:\/\/quintacastro.cl\/wp-content\/uploads\/2025\/09\/ERNESTO-CARCAMO.jpg 1784w, https:\/\/quintacastro.cl\/wp-content\/uploads\/2025\/09\/ERNESTO-CARCAMO-260x300.jpg 260w, https:\/\/quintacastro.cl\/wp-content\/uploads\/2025\/09\/ERNESTO-CARCAMO-889x1024.jpg 889w, https:\/\/quintacastro.cl\/wp-content\/uploads\/2025\/09\/ERNESTO-CARCAMO-768x885.jpg 768w, https:\/\/quintacastro.cl\/wp-content\/uploads\/2025\/09\/ERNESTO-CARCAMO-1333x1536.jpg 1333w, https:\/\/quintacastro.cl\/wp-content\/uploads\/2025\/09\/ERNESTO-CARCAMO-1777x2048.jpg 1777w\" sizes=\"auto, (max-width: 150px) 100vw, 150px\" \/><\/td><\/tr><tr><td class=\"has-text-align-center\" data-align=\"center\">19 de Junio de 1985 al 31 de Diciembre de 1986<br>01 de Enero de 1990 al 31 de Diciembre de 1994<\/td><td class=\"has-text-align-center\" data-align=\"center\">H\u00e9ctor Esparza Pe\u00f1a<\/td><td class=\"has-text-align-center\" data-align=\"center\"><img decoding=\"async\" class=\"wp-image-9465\" style=\"width: 150px;\" src=\"http:\/\/quintacastro.cl\/wp-content\/uploads\/2025\/05\/HECTOR-ESPARZA.png\" alt=\"\"><\/td><\/tr><tr><td class=\"has-text-align-center\" data-align=\"center\">01 de Enero de 1995 al 31 de Diciembre de 1996<\/td><td class=\"has-text-align-center\" data-align=\"center\">Renato Prudencio Toro Alvarado<\/td><td class=\"has-text-align-center\" data-align=\"center\"><img loading=\"lazy\" decoding=\"async\" width=\"150\" height=\"189\" class=\"wp-image-9310\" style=\"width: 150px;\" src=\"http:\/\/quintacastro.cl\/wp-content\/uploads\/2025\/04\/RENATO-TORO.jpeg\" alt=\"\"><\/td><\/tr><tr><td class=\"has-text-align-center\" data-align=\"center\">01 de Enero de 1997 al 31 de Diciembre de 1999<br>01 de Enero de 2001 al 31 de Diciembre de 2001<\/td><td class=\"has-text-align-center\" data-align=\"center\">Ricardo Barriga Soto<\/td><td class=\"has-text-align-center\" data-align=\"center\"><img loading=\"lazy\" decoding=\"async\" width=\"150\" height=\"176\" class=\"wp-image-9636\" style=\"width: 150px;\" src=\"http:\/\/quintacastro.cl\/wp-content\/uploads\/2025\/09\/RICARDO-BARRIGA.jpg\" alt=\"\" srcset=\"https:\/\/quintacastro.cl\/wp-content\/uploads\/2025\/09\/RICARDO-BARRIGA.jpg 1576w, https:\/\/quintacastro.cl\/wp-content\/uploads\/2025\/09\/RICARDO-BARRIGA-256x300.jpg 256w, https:\/\/quintacastro.cl\/wp-content\/uploads\/2025\/09\/RICARDO-BARRIGA-875x1024.jpg 875w, https:\/\/quintacastro.cl\/wp-content\/uploads\/2025\/09\/RICARDO-BARRIGA-768x899.jpg 768w, https:\/\/quintacastro.cl\/wp-content\/uploads\/2025\/09\/RICARDO-BARRIGA-1313x1536.jpg 1313w\" sizes=\"auto, (max-width: 150px) 100vw, 150px\" \/><img decoding=\"async\" class=\"wp-image-9466\" style=\"width: 150px;\" src=\"http:\/\/quintacastro.cl\/wp-content\/uploads\/2025\/05\/ricardo-barriga.jpeg\" alt=\"\"><\/td><\/tr><tr><td class=\"has-text-align-center\" data-align=\"center\">01 de Enero de 2000 al 31 de Diciembre de 2000<br>01 de Enero de 2008 al 06 de Septiembre del 2009<\/td><td class=\"has-text-align-center\" data-align=\"center\">Sildo Mauricio D\u00edaz Wooldrige<\/td><td class=\"has-text-align-center\" data-align=\"center\"><img loading=\"lazy\" decoding=\"async\" width=\"150\" height=\"190\" class=\"wp-image-9637\" style=\"width: 150px;\" src=\"http:\/\/quintacastro.cl\/wp-content\/uploads\/2025\/09\/SILDO-DIAZ-WOOLDRIGE.jpg\" alt=\"\" srcset=\"https:\/\/quintacastro.cl\/wp-content\/uploads\/2025\/09\/SILDO-DIAZ-WOOLDRIGE.jpg 320w, https:\/\/quintacastro.cl\/wp-content\/uploads\/2025\/09\/SILDO-DIAZ-WOOLDRIGE-237x300.jpg 237w\" sizes=\"auto, (max-width: 150px) 100vw, 150px\" \/><img decoding=\"async\" class=\"wp-image-9467\" style=\"width: 150px;\" src=\"http:\/\/quintacastro.cl\/wp-content\/uploads\/2025\/05\/SILDO-DIAZ.jpeg\" alt=\"\"><\/td><\/tr><tr><td class=\"has-text-align-center\" data-align=\"center\">01 de Enero de 2002 al 31 de Diciembre de 2003<br>07 de Septiembre de 2009 al 31 de Diciembre de 2015<br>08 de Marzo de 2019 al 31 de Diciembre de 2021<\/td><td class=\"has-text-align-center\" data-align=\"center\">\u00c1ngel Francisco Delgado Delgado<\/td><td class=\"has-text-align-center\" data-align=\"center\"><img loading=\"lazy\" decoding=\"async\" width=\"150\" height=\"137\" class=\"wp-image-9638\" style=\"width: 150px;\" src=\"http:\/\/quintacastro.cl\/wp-content\/uploads\/2025\/09\/FRANCISCO-DELGADO.jpg\" alt=\"\" srcset=\"https:\/\/quintacastro.cl\/wp-content\/uploads\/2025\/09\/FRANCISCO-DELGADO.jpg 1432w, https:\/\/quintacastro.cl\/wp-content\/uploads\/2025\/09\/FRANCISCO-DELGADO-300x273.jpg 300w, https:\/\/quintacastro.cl\/wp-content\/uploads\/2025\/09\/FRANCISCO-DELGADO-1024x932.jpg 1024w, https:\/\/quintacastro.cl\/wp-content\/uploads\/2025\/09\/FRANCISCO-DELGADO-768x699.jpg 768w\" sizes=\"auto, (max-width: 150px) 100vw, 150px\" \/><img decoding=\"async\" class=\"wp-image-9468\" style=\"width: 150px;\" src=\"http:\/\/quintacastro.cl\/wp-content\/uploads\/2025\/05\/francisco-delgado-joven.jpeg\" alt=\"\"><\/td><\/tr><tr><td class=\"has-text-align-center\" data-align=\"center\">01 de Enero de 2004 al 30 de Septiembre de 2006<\/td><td class=\"has-text-align-center\" data-align=\"center\">Ren\u00e9 Osvaldo Santana Carabante<\/td><td class=\"has-text-align-center\" data-align=\"center\"><img decoding=\"async\" class=\"wp-image-9469\" style=\"width: 150px;\" src=\"http:\/\/quintacastro.cl\/wp-content\/uploads\/2025\/05\/Rene-Santana-.png\" alt=\"\"><\/td><\/tr><tr><td class=\"has-text-align-center\" data-align=\"center\">01 de Octubre de 2006 al 31 de Diciembre de 2007<\/td><td class=\"has-text-align-center\" data-align=\"center\">Christian Eduardo P\u00e9rez Rudolph<\/td><td class=\"has-text-align-center\" data-align=\"center\"><img decoding=\"async\" class=\"wp-image-9470\" style=\"width: 150px;\" src=\"http:\/\/quintacastro.cl\/wp-content\/uploads\/2025\/05\/cristian-perez.jpeg\" alt=\"\"><img loading=\"lazy\" decoding=\"async\" width=\"150\" height=\"100\" class=\"wp-image-9641\" style=\"width: 150px;\" src=\"http:\/\/quintacastro.cl\/wp-content\/uploads\/2025\/09\/CRISTIAN-PEREZ.jpg\" alt=\"\" srcset=\"https:\/\/quintacastro.cl\/wp-content\/uploads\/2025\/09\/CRISTIAN-PEREZ.jpg 1152w, https:\/\/quintacastro.cl\/wp-content\/uploads\/2025\/09\/CRISTIAN-PEREZ-300x200.jpg 300w, https:\/\/quintacastro.cl\/wp-content\/uploads\/2025\/09\/CRISTIAN-PEREZ-1024x683.jpg 1024w, https:\/\/quintacastro.cl\/wp-content\/uploads\/2025\/09\/CRISTIAN-PEREZ-768x512.jpg 768w\" sizes=\"auto, (max-width: 150px) 100vw, 150px\" \/><\/td><\/tr><tr><td class=\"has-text-align-center\" data-align=\"center\">01 de Enero de 2016 al 07 de Marzo de 2019<\/td><td class=\"has-text-align-center\" data-align=\"center\">Cristian Javier Ru\u00edz C\u00e1rcamo<\/td><td class=\"has-text-align-center\" data-align=\"center\"><img loading=\"lazy\" decoding=\"async\" width=\"150\" height=\"161\" class=\"wp-image-9623\" style=\"width: 150px;\" src=\"http:\/\/quintacastro.cl\/wp-content\/uploads\/2025\/09\/CRISTIAN-RUIZ.jpg\" alt=\"\" srcset=\"https:\/\/quintacastro.cl\/wp-content\/uploads\/2025\/09\/CRISTIAN-RUIZ.jpg 1752w, https:\/\/quintacastro.cl\/wp-content\/uploads\/2025\/09\/CRISTIAN-RUIZ-280x300.jpg 280w, https:\/\/quintacastro.cl\/wp-content\/uploads\/2025\/09\/CRISTIAN-RUIZ-954x1024.jpg 954w, https:\/\/quintacastro.cl\/wp-content\/uploads\/2025\/09\/CRISTIAN-RUIZ-768x824.jpg 768w, https:\/\/quintacastro.cl\/wp-content\/uploads\/2025\/09\/CRISTIAN-RUIZ-1431x1536.jpg 1431w\" sizes=\"auto, (max-width: 150px) 100vw, 150px\" \/><img decoding=\"async\" class=\"wp-image-9471\" style=\"width: 150px;\" src=\"http:\/\/quintacastro.cl\/wp-content\/uploads\/2025\/05\/Captura-de-pantalla-2025-04-08-163915.png\" alt=\"\"><\/td><\/tr><tr><td class=\"has-text-align-center\" data-align=\"center\">01 de Enero de 2022 al 31 de Diciembre de 2023<\/td><td class=\"has-text-align-center\" data-align=\"center\">Luis Javier Pineda Ojeda<\/td><td class=\"has-text-align-center\" data-align=\"center\"><img decoding=\"async\" class=\"wp-image-9472\" style=\"width: 150px;\" src=\"http:\/\/quintacastro.cl\/wp-content\/uploads\/2025\/05\/Captura-de-pantalla-2025-05-05-125436.png\" alt=\"\"><img loading=\"lazy\" decoding=\"async\" width=\"150\" height=\"129\" class=\"wp-image-9626\" style=\"width: 150px;\" src=\"http:\/\/quintacastro.cl\/wp-content\/uploads\/2025\/09\/JAVIER-PINEDA.jpg\" alt=\"\" srcset=\"https:\/\/quintacastro.cl\/wp-content\/uploads\/2025\/09\/JAVIER-PINEDA.jpg 1828w, https:\/\/quintacastro.cl\/wp-content\/uploads\/2025\/09\/JAVIER-PINEDA-300x259.jpg 300w, https:\/\/quintacastro.cl\/wp-content\/uploads\/2025\/09\/JAVIER-PINEDA-1024x883.jpg 1024w, https:\/\/quintacastro.cl\/wp-content\/uploads\/2025\/09\/JAVIER-PINEDA-768x662.jpg 768w, https:\/\/quintacastro.cl\/wp-content\/uploads\/2025\/09\/JAVIER-PINEDA-1536x1324.jpg 1536w\" sizes=\"auto, (max-width: 150px) 100vw, 150px\" \/><\/td><\/tr><tr><td class=\"has-text-align-center\" data-align=\"center\">01 de Enero de 2024 al 13 de Junio de 2025<\/td><td class=\"has-text-align-center\" data-align=\"center\">Javier Ignacio Aravena Gaete<\/td><td class=\"has-text-align-center\" data-align=\"center\"><img decoding=\"async\" class=\"wp-image-9473\" style=\"width: 150px;\" src=\"http:\/\/quintacastro.cl\/wp-content\/uploads\/2025\/05\/45.-JAVIER-ARAVENA-GAETE-CAPITAN-QUINTA.webp\" alt=\"\"><img loading=\"lazy\" decoding=\"async\" width=\"150\" height=\"195\" class=\"wp-image-9640\" style=\"width: 150px;\" src=\"http:\/\/quintacastro.cl\/wp-content\/uploads\/2025\/09\/JAVIER-ARAVENA.jpg\" alt=\"\" srcset=\"https:\/\/quintacastro.cl\/wp-content\/uploads\/2025\/09\/JAVIER-ARAVENA.jpg 1952w, https:\/\/quintacastro.cl\/wp-content\/uploads\/2025\/09\/JAVIER-ARAVENA-230x300.jpg 230w, https:\/\/quintacastro.cl\/wp-content\/uploads\/2025\/09\/JAVIER-ARAVENA-786x1024.jpg 786w, https:\/\/quintacastro.cl\/wp-content\/uploads\/2025\/09\/JAVIER-ARAVENA-768x1001.jpg 768w, https:\/\/quintacastro.cl\/wp-content\/uploads\/2025\/09\/JAVIER-ARAVENA-1179x1536.jpg 1179w, https:\/\/quintacastro.cl\/wp-content\/uploads\/2025\/09\/JAVIER-ARAVENA-1571x2048.jpg 1571w\" sizes=\"auto, (max-width: 150px) 100vw, 150px\" \/><\/td><\/tr><tr><td class=\"has-text-align-center\" data-align=\"center\">14 de Junio de 2025 a la Fecha<\/td><td class=\"has-text-align-center\" data-align=\"center\">Gerardo Andr\u00e9s Santana Pinol<\/td><td class=\"has-text-align-center\" data-align=\"center\"><img loading=\"lazy\" decoding=\"async\" width=\"150\" height=\"194\" class=\"wp-image-9639\" style=\"width: 150px;\" src=\"http:\/\/quintacastro.cl\/wp-content\/uploads\/2025\/09\/GERARDO-ANDRES-SANTANA-PINOL-RNB-2025.jpg\" alt=\"\" srcset=\"https:\/\/quintacastro.cl\/wp-content\/uploads\/2025\/09\/GERARDO-ANDRES-SANTANA-PINOL-RNB-2025.jpg 320w, https:\/\/quintacastro.cl\/wp-content\/uploads\/2025\/09\/GERARDO-ANDRES-SANTANA-PINOL-RNB-2025-232x300.jpg 232w\" sizes=\"auto, (max-width: 150px) 100vw, 150px\" \/><img decoding=\"async\" class=\"wp-image-9552\" style=\"width: 150px;\" src=\"http:\/\/quintacastro.cl\/wp-content\/uploads\/2025\/06\/Captura-de-pantalla-2025-06-19-124617.png\" alt=\"\"><\/td><\/tr><\/tbody><\/table><\/figure>\n\n\n\n<p><\/p>\n","protected":false},"excerpt":{"rendered":"<p>PERIODO NOMBRE IMAGEN 06 de Mayo de 1959 al 31 de Diciembre de 1959 Yves Andrade Mouret 01 de Enero de 1960 al 31 de Diciembre de 1962 Julio Fuentes Oliva 01 de Enero de 1963 al 31 de Diciembre de 196302 de Junio de 1965 al 31 de Diciembre de 1965 Julio Barrientos Bilisco<br \/><a class=\"btn btn-theme post-btn\" href=\"https:\/\/quintacastro.cl\/?page_id=9459\">Leer m\u00e1s<\/a><\/p>\n","protected":false},"author":2,"featured_media":0,"parent":0,"menu_order":0,"comment_status":"closed","ping_status":"closed","template":"","meta":{"footnotes":""},"class_list":["post-9459","page","type-page","status-publish","hentry"],"_links":{"self":[{"href":"https:\/\/quintacastro.cl\/index.php?rest_route=\/wp\/v2\/pages\/9459","targetHints":{"allow":["GET"]}}],"collection":[{"href":"https:\/\/quintacastro.cl\/index.php?rest_route=\/wp\/v2\/pages"}],"about":[{"href":"https:\/\/quintacastro.cl\/index.php?rest_route=\/wp\/v2\/types\/page"}],"author":[{"embeddable":true,"href":"https:\/\/quintacastro.cl\/index.php?rest_route=\/wp\/v2\/users\/2"}],"replies":[{"embeddable":true,"href":"https:\/\/quintacastro.cl\/index.php?rest_route=%2Fwp%2Fv2%2Fcomments&post=9459"}],"version-history":[{"count":3,"href":"https:\/\/quintacastro.cl\/index.php?rest_route=\/wp\/v2\/pages\/9459\/revisions"}],"predecessor-version":[{"id":9646,"href":"https:\/\/quintacastro.cl\/index.php?rest_route=\/wp\/v2\/pages\/9459\/revisions\/9646"}],"wp:attachment":[{"href":"https:\/\/quintacastro.cl\/index.php?rest_route=%2Fwp%2Fv2%2Fmedia&parent=9459"}],"curies":[{"name":"wp","href":"https:\/\/api.w.org\/{rel}","templated":true}]}}