{"id":86,"date":"2016-11-27T21:08:33","date_gmt":"2016-11-27T21:08:33","guid":{"rendered":"http:\/\/quintacastro.cl\/?page_id=86"},"modified":"2025-04-07T17:24:18","modified_gmt":"2025-04-07T20:24:18","slug":"especialidad","status":"publish","type":"page","link":"https:\/\/quintacastro.cl\/?page_id=86","title":{"rendered":"Especialidad"},"content":{"rendered":"<h3><\/h3>\n<h3 style=\"text-align: justify;\">\u00bb MATERIALES PELIGROSOS \u00ab<br \/>\n\u00a1Una NECESIDAD para NUESTRA COMUNA!<\/h3>\n<p style=\"text-align: justify;\">Las emergencias de Materiales Peligrosos no es como cualquier otra, esta requiere de una planificaci\u00f3n previa, el comenzar a trabajar puede llevar hartas horas de coordinaci\u00f3n e involucra a todas las instituciones que tengan que ver con la seguridad ciudadana de una comuna, provincia e incluso regi\u00f3n.<\/p>\n<p style=\"text-align: justify;\">El Personal de la Quinta Compa\u00f1\u00eda ha debido prepararse muy arduamente asistiendo a diversos cursos y talleres a distintos puntos del pa\u00eds y fuera del pa\u00eds (TEEX), como as\u00ed tambi\u00e9n ha tra\u00eddo instructores de otros cuerpos de bomberos con el fin de alcanzar el alto grado de instrucci\u00f3n y conocimientos que la materia requiere.<\/p>\n<p style=\"text-align: justify;\">Pero no s\u00f3lo basta la instrucci\u00f3n, tambi\u00e9n es necesario poseer los equipos y materiales necesarios para enfrentar estas emergencias, es as\u00ed como con el esfuerzo del Cuerpo de Bomberos, de la misma compa\u00f1\u00eda y de algunas empresas se ha logrado tener el equipamiento suficiente como para responder a una primera alerta, sin embargo falta, ya que cada elemento que componen los diferentes grupos que enfrentan las emergencias con materiales peligrosos requieren distintos equipos, los cuales, debido a su alto valor, no son f\u00e1ciles de adquirir.<\/p>\n<p style=\"text-align: justify;\">El avance tecnol\u00f3gico trae consigo beneficios y riesgos para la humanidad, es as\u00ed como hemos logrado grandes comodidades y beneficios.<\/p>\n<p style=\"text-align: justify;\">Tambi\u00e9n nos hemos Vistos enfrentados a grandes cat\u00e1strofes con productos altamente peligrosos entre los cuales uno de los mas graves para la humanidad ha sido el desastre de Chernobyl.<\/p>\n<p style=\"text-align: justify;\">Nuestra Provincia no ha estado ajena al avance tecnol\u00f3gico, es as\u00ed como comenz\u00f3 a circular primero el combustible liquido para los primeros autom\u00f3viles que circulaban por Chilo\u00e9. Hoy en d\u00eda no solo el combustible circula por el archipi\u00e9lago, a diario tenemos transportes de gas licuado de petr\u00f3leo, productos qu\u00edmicos, \u00e1cidos, gases de diferentes tipos, con el consiguiente riesgo que esto conlleva.<\/p>\n<p style=\"text-align: justify;\">Es as\u00ed como se creo en el cuerpo de bomberos de castro la especialidad de materiales peligrosos, la cual fue tomada por la quinta compa\u00f1\u00eda la cual fue especializ\u00e1ndose en el tema desde 1999, la motivaci\u00f3n en adquirir esta especialidad surgi\u00f3 a ra\u00edz de una emergencia que se produjo en la ciudad de Castro pasado el puente de gamboa (Ruta 5 Sur), la cual consisti\u00f3 en el derrame de \u00e1cido f\u00f3rmico en la carretera por el rompimiento de un envase ca\u00eddo desde un veh\u00edculo el cual transportaba dicho producto, con lo cual en esa situaci\u00f3n trabajo la quinta compa\u00f1\u00eda sin teniendo conocimiento sobre lo que era materiales peligrosos s\u00f3lo se trabaj\u00f3 usando la gu\u00eda de respuesta de emergencia y siguiendo las instrucciones que este elemento nos entregaba superando con creces la emergencia ocurrida en el lugar.<\/p>\n<p style=\"text-align: justify;\">Por Orden del D\u00eda emanada de comandancia se dio fecha de fundaci\u00f3n a la Unidad HAZ-MAT del Cuerpo de Bomberos de Castro el 01 de Agosto del 2001, para lo cual se entreg\u00f3 esta gran responsabilidad a la Quinta Compa\u00f1ia la cual no ha defraudado a la instituci\u00f3n, y se ha estado contantemente perfeccion\u00e1ndose en el tema para que cada d\u00eda se este mejor preparado ante cualquier emergencia que se puede presentar y se necesite de nuestra presencia para solucionarla.<\/p>\n<p style=\"text-align: justify;\">En la actualidad no s\u00f3lo hemos trabajado en emergencias ocurridas en nuestra comuna, si no que hemos acudido tambi\u00e9n a apoyar a otros cuerpos de bomberos como por ejemplo a las comunas de Dalcahue, Achao, Chonchi, Quell\u00f3n\u00a0y Curaco de V\u00e9lez.<\/p>\n<p style=\"text-align: justify;\">\n\n\n<figure class=\"wp-block-image size-large\"><img loading=\"lazy\" decoding=\"async\" width=\"1024\" height=\"576\" src=\"https:\/\/quintacastro.cl\/wp-content\/uploads\/2025\/04\/IMG-20180324-WA0040-1024x576.jpg\" alt=\"\" class=\"wp-image-9362\" srcset=\"https:\/\/quintacastro.cl\/wp-content\/uploads\/2025\/04\/IMG-20180324-WA0040-1024x576.jpg 1024w, https:\/\/quintacastro.cl\/wp-content\/uploads\/2025\/04\/IMG-20180324-WA0040-300x169.jpg 300w, https:\/\/quintacastro.cl\/wp-content\/uploads\/2025\/04\/IMG-20180324-WA0040-768x432.jpg 768w, https:\/\/quintacastro.cl\/wp-content\/uploads\/2025\/04\/IMG-20180324-WA0040.jpg 1280w\" sizes=\"auto, (max-width: 1024px) 100vw, 1024px\" \/><\/figure>\n\n\n<div class=\"wp-block-image\">\n<figure class=\"aligncenter size-large\"><img loading=\"lazy\" decoding=\"async\" width=\"1024\" height=\"768\" src=\"https:\/\/quintacastro.cl\/wp-content\/uploads\/2025\/04\/IMG-20140726-WA0003-1024x768.jpg\" alt=\"\" class=\"wp-image-9364\" srcset=\"https:\/\/quintacastro.cl\/wp-content\/uploads\/2025\/04\/IMG-20140726-WA0003-1024x768.jpg 1024w, https:\/\/quintacastro.cl\/wp-content\/uploads\/2025\/04\/IMG-20140726-WA0003-300x225.jpg 300w, https:\/\/quintacastro.cl\/wp-content\/uploads\/2025\/04\/IMG-20140726-WA0003-768x576.jpg 768w, https:\/\/quintacastro.cl\/wp-content\/uploads\/2025\/04\/IMG-20140726-WA0003.jpg 1280w\" sizes=\"auto, (max-width: 1024px) 100vw, 1024px\" \/><figcaption class=\"wp-element-caption\"><em>Curso \u00abOperaciones HAZ-MAT\u00bb organizado por la 2\u00b0 C\u00eda. del Cuerpo de Bomberos de Puerto Montt en conjunto a CONAMA, 2012, Quinta Compa\u00f1\u00eda Cuerpo de Bomberos de Castro.<\/em><\/figcaption><\/figure>\n<\/div>\n\n\n<p><\/p>\n\n\n\n<figure class=\"wp-block-image size-large is-resized\"><img loading=\"lazy\" decoding=\"async\" width=\"1024\" height=\"768\" src=\"https:\/\/quintacastro.cl\/wp-content\/uploads\/2025\/04\/IMG-20210306-WA0004-1-1024x768.jpg\" alt=\"\" class=\"wp-image-9365\" style=\"width:783px;height:auto\" srcset=\"https:\/\/quintacastro.cl\/wp-content\/uploads\/2025\/04\/IMG-20210306-WA0004-1-1024x768.jpg 1024w, https:\/\/quintacastro.cl\/wp-content\/uploads\/2025\/04\/IMG-20210306-WA0004-1-300x225.jpg 300w, https:\/\/quintacastro.cl\/wp-content\/uploads\/2025\/04\/IMG-20210306-WA0004-1-768x576.jpg 768w, https:\/\/quintacastro.cl\/wp-content\/uploads\/2025\/04\/IMG-20210306-WA0004-1.jpg 1280w\" sizes=\"auto, (max-width: 1024px) 100vw, 1024px\" \/><\/figure>\n\n\n\n<p><\/p>\n\n\n<div class=\"wp-block-image\">\n<figure class=\"aligncenter size-full is-resized\"><img loading=\"lazy\" decoding=\"async\" width=\"604\" height=\"453\" src=\"https:\/\/quintacastro.cl\/wp-content\/uploads\/2025\/04\/FB_IMG_1615070606174.jpg\" alt=\"\" class=\"wp-image-9366\" style=\"width:727px;height:auto\" srcset=\"https:\/\/quintacastro.cl\/wp-content\/uploads\/2025\/04\/FB_IMG_1615070606174.jpg 604w, https:\/\/quintacastro.cl\/wp-content\/uploads\/2025\/04\/FB_IMG_1615070606174-300x225.jpg 300w\" sizes=\"auto, (max-width: 604px) 100vw, 604px\" \/><\/figure>\n<\/div>\n\n\n<p><\/p>\n\n\n<div class=\"wp-block-image\">\n<figure class=\"aligncenter size-full is-resized\"><img loading=\"lazy\" decoding=\"async\" width=\"255\" height=\"239\" src=\"https:\/\/quintacastro.cl\/wp-content\/uploads\/2025\/04\/FB_IMG_1615070611772.jpg\" alt=\"\" class=\"wp-image-9367\" style=\"width:487px;height:auto\"\/><\/figure>\n<\/div>\n\n\n<p><\/p>\n\n\n\n<figure class=\"wp-block-image size-large\"><img loading=\"lazy\" decoding=\"async\" width=\"1024\" height=\"576\" src=\"https:\/\/quintacastro.cl\/wp-content\/uploads\/2025\/04\/IMG-20180324-WA0039-1024x576.jpg\" alt=\"\" class=\"wp-image-9368\" srcset=\"https:\/\/quintacastro.cl\/wp-content\/uploads\/2025\/04\/IMG-20180324-WA0039-1024x576.jpg 1024w, https:\/\/quintacastro.cl\/wp-content\/uploads\/2025\/04\/IMG-20180324-WA0039-300x169.jpg 300w, https:\/\/quintacastro.cl\/wp-content\/uploads\/2025\/04\/IMG-20180324-WA0039-768x432.jpg 768w, https:\/\/quintacastro.cl\/wp-content\/uploads\/2025\/04\/IMG-20180324-WA0039.jpg 1280w\" sizes=\"auto, (max-width: 1024px) 100vw, 1024px\" \/><\/figure>\n\n\n\n<p><\/p>\n\n\n<div class=\"wp-block-image\">\n<figure class=\"aligncenter size-large\"><img loading=\"lazy\" decoding=\"async\" width=\"819\" height=\"1024\" src=\"https:\/\/quintacastro.cl\/wp-content\/uploads\/2025\/04\/IMG-20190525-WA0003-819x1024.jpg\" alt=\"\" class=\"wp-image-9369\" srcset=\"https:\/\/quintacastro.cl\/wp-content\/uploads\/2025\/04\/IMG-20190525-WA0003-819x1024.jpg 819w, https:\/\/quintacastro.cl\/wp-content\/uploads\/2025\/04\/IMG-20190525-WA0003-240x300.jpg 240w, https:\/\/quintacastro.cl\/wp-content\/uploads\/2025\/04\/IMG-20190525-WA0003-768x960.jpg 768w, https:\/\/quintacastro.cl\/wp-content\/uploads\/2025\/04\/IMG-20190525-WA0003.jpg 1024w\" sizes=\"auto, (max-width: 819px) 100vw, 819px\" \/><\/figure>\n<\/div>","protected":false},"excerpt":{"rendered":"<p>\u00bb MATERIALES PELIGROSOS \u00ab \u00a1Una NECESIDAD para NUESTRA COMUNA! Las emergencias de Materiales Peligrosos no es como cualquier otra, esta requiere de una planificaci\u00f3n previa, el comenzar a trabajar puede llevar hartas horas de coordinaci\u00f3n e involucra a todas las instituciones que tengan que ver con la seguridad ciudadana de una comuna, provincia e incluso<br \/><a class=\"btn btn-theme post-btn\" href=\"https:\/\/quintacastro.cl\/?page_id=86\">Leer m\u00e1s<\/a><\/p>\n","protected":false},"author":1,"featured_media":0,"parent":0,"menu_order":0,"comment_status":"closed","ping_status":"closed","template":"","meta":{"footnotes":""},"class_list":["post-86","page","type-page","status-publish","hentry"],"_links":{"self":[{"href":"https:\/\/quintacastro.cl\/index.php?rest_route=\/wp\/v2\/pages\/86","targetHints":{"allow":["GET"]}}],"collection":[{"href":"https:\/\/quintacastro.cl\/index.php?rest_route=\/wp\/v2\/pages"}],"about":[{"href":"https:\/\/quintacastro.cl\/index.php?rest_route=\/wp\/v2\/types\/page"}],"author":[{"embeddable":true,"href":"https:\/\/quintacastro.cl\/index.php?rest_route=\/wp\/v2\/users\/1"}],"replies":[{"embeddable":true,"href":"https:\/\/quintacastro.cl\/index.php?rest_route=%2Fwp%2Fv2%2Fcomments&post=86"}],"version-history":[{"count":10,"href":"https:\/\/quintacastro.cl\/index.php?rest_route=\/wp\/v2\/pages\/86\/revisions"}],"predecessor-version":[{"id":9370,"href":"https:\/\/quintacastro.cl\/index.php?rest_route=\/wp\/v2\/pages\/86\/revisions\/9370"}],"wp:attachment":[{"href":"https:\/\/quintacastro.cl\/index.php?rest_route=%2Fwp%2Fv2%2Fmedia&parent=86"}],"curies":[{"name":"wp","href":"https:\/\/api.w.org\/{rel}","templated":true}]}}