{"id":67,"date":"2016-11-27T19:56:31","date_gmt":"2016-11-27T19:56:31","guid":{"rendered":"http:\/\/quintacastro.cl\/?page_id=67"},"modified":"2025-05-06T13:13:43","modified_gmt":"2025-05-06T16:13:43","slug":"grandes-quintinos","status":"publish","type":"page","link":"https:\/\/quintacastro.cl\/?page_id=67","title":{"rendered":"Grandes Quintinos"},"content":{"rendered":"<div class=\"wp-block-image\">\n<figure class=\"aligncenter size-large is-resized\"><img loading=\"lazy\" decoding=\"async\" width=\"771\" height=\"1024\" src=\"https:\/\/quintacastro.cl\/wp-content\/uploads\/2025\/04\/1982.-HUGO-GARCIA-HARO-SUPERINTENDENTE-HONORARIO-CBC-1-771x1024.webp\" alt=\"\" class=\"wp-image-9298\" style=\"width:391px;height:auto\" srcset=\"https:\/\/quintacastro.cl\/wp-content\/uploads\/2025\/04\/1982.-HUGO-GARCIA-HARO-SUPERINTENDENTE-HONORARIO-CBC-1-771x1024.webp 771w, https:\/\/quintacastro.cl\/wp-content\/uploads\/2025\/04\/1982.-HUGO-GARCIA-HARO-SUPERINTENDENTE-HONORARIO-CBC-1-226x300.webp 226w, https:\/\/quintacastro.cl\/wp-content\/uploads\/2025\/04\/1982.-HUGO-GARCIA-HARO-SUPERINTENDENTE-HONORARIO-CBC-1-768x1020.webp 768w, https:\/\/quintacastro.cl\/wp-content\/uploads\/2025\/04\/1982.-HUGO-GARCIA-HARO-SUPERINTENDENTE-HONORARIO-CBC-1-1157x1536.webp 1157w, https:\/\/quintacastro.cl\/wp-content\/uploads\/2025\/04\/1982.-HUGO-GARCIA-HARO-SUPERINTENDENTE-HONORARIO-CBC-1.webp 1446w\" sizes=\"auto, (max-width: 771px) 100vw, 771px\" \/><\/figure>\n<\/div>\n\n\n<ul class=\"wp-block-list\">\n<li>Hugo Garc\u00eda Haro, (Q.E.P.D.): Profesor y Director de la Antigua Escuela de Artesanos de Castro, (Hoy, Liceo Polit\u00e9cnico de Castro), Ocup\u00f3 el cargo de Director de la Quinta Compa\u00f1\u00eda en 1964, posteriormente en 1969 es elegido Superintendente del Cuerpo de Bomberos de Castro, ejerciendo tal funci\u00f3n hasta el a\u00f1o 1982, recibiendo el titulo honorario y vitalicio de Superintendente Honorario del Cuerpo de Bomberos de Castro.<\/li>\n<\/ul>\n\n\n<div class=\"wp-block-image\">\n<figure class=\"aligncenter size-full is-resized\"><img loading=\"lazy\" decoding=\"async\" width=\"227\" height=\"392\" src=\"https:\/\/quintacastro.cl\/wp-content\/uploads\/2025\/04\/arturo-carcamo-cardenas-2.jpg\" alt=\"\" class=\"wp-image-9301\" style=\"width:339px;height:auto\" srcset=\"https:\/\/quintacastro.cl\/wp-content\/uploads\/2025\/04\/arturo-carcamo-cardenas-2.jpg 227w, https:\/\/quintacastro.cl\/wp-content\/uploads\/2025\/04\/arturo-carcamo-cardenas-2-174x300.jpg 174w\" sizes=\"auto, (max-width: 227px) 100vw, 227px\" \/><\/figure>\n<\/div>\n\n\n<ul class=\"wp-block-list\">\n<li>Celedonio Arturo Carcamo C\u00e1rdenas, (Q.E.P.D.): Ex Comerciante y propietario de embarcaciones en nuestra ciudad, Bombero Fundador de la Tercera Compa\u00f1\u00eda y posteriormente con los a\u00f1os, ide\u00f3logo y fundador de nuestra compa\u00f1\u00eda.<\/li>\n<\/ul>\n\n\n<div class=\"wp-block-image\">\n<figure class=\"aligncenter size-full is-resized\"><img loading=\"lazy\" decoding=\"async\" width=\"206\" height=\"270\" src=\"https:\/\/quintacastro.cl\/wp-content\/uploads\/2025\/04\/Jaime-Morande-Orrego.jpg\" alt=\"\" class=\"wp-image-9302\" style=\"width:352px;height:auto\"\/><\/figure>\n<\/div>\n\n\n<ul class=\"wp-block-list\">\n<li>Jaime Morand\u00e9 Orrego, (Q.E.P.D.): Fundador de la Quinta Compa\u00f1\u00eda y Primer Director en la historia de la Quinta Compa\u00f1\u00eda.<\/li>\n<\/ul>\n\n\n<div class=\"wp-block-image\">\n<figure class=\"aligncenter size-full is-resized\"><img loading=\"lazy\" decoding=\"async\" width=\"174\" height=\"257\" src=\"https:\/\/quintacastro.cl\/wp-content\/uploads\/2025\/04\/Arcadio-Perez-.jpg\" alt=\"\" class=\"wp-image-9303\" style=\"width:352px;height:auto\"\/><\/figure>\n<\/div>\n\n\n<ul class=\"wp-block-list\">\n<li>Abd\u00f3n Arcadio P\u00e9rez B\u00f3rquez, (Q.E.P.D.): Fundador Quinta- Ex Notario Publico y Conservador de Bienes Ra\u00edces de Castro-Profesor Normalista-Abogado-Presidente Club Arco\u00edris-Presidente Rotary Club, Fundador Liga Protectora de Estudiantes-Hijo Ilustre de Castro. 2\u00b0 Director de nuestra compa\u00f1\u00eda durante 1959 y 1960.<\/li>\n<\/ul>\n\n\n<div class=\"wp-block-image\">\n<figure class=\"aligncenter size-full is-resized\"><img loading=\"lazy\" decoding=\"async\" width=\"882\" height=\"882\" src=\"https:\/\/quintacastro.cl\/wp-content\/uploads\/2025\/04\/domingo_yurac.jpg\" alt=\"\" class=\"wp-image-9304\" style=\"width:426px;height:auto\" srcset=\"https:\/\/quintacastro.cl\/wp-content\/uploads\/2025\/04\/domingo_yurac.jpg 882w, https:\/\/quintacastro.cl\/wp-content\/uploads\/2025\/04\/domingo_yurac-300x300.jpg 300w, https:\/\/quintacastro.cl\/wp-content\/uploads\/2025\/04\/domingo_yurac-150x150.jpg 150w, https:\/\/quintacastro.cl\/wp-content\/uploads\/2025\/04\/domingo_yurac-768x768.jpg 768w\" sizes=\"auto, (max-width: 882px) 100vw, 882px\" \/><\/figure>\n<\/div>\n\n\n<ul class=\"wp-block-list\">\n<li>Domingo Yurac Soto, (Q.E.P.D.), Fundador y 3er Director de la Quinta Compa\u00f1\u00eda en su historia durante 1961 al 1962 de profesi\u00f3n Abogado, fue Docente de la Pontificia Universidad Cat\u00f3lica de Valpara\u00edso y de la Universidad T\u00e9cnica de Valdivia, Ex Juez del Juzgado de Letras en Castro y Relator corte de apelaciones en Valdivia y Antofagasta,  Miembro de Tribunal Calificador de Elecciones de Chile, Ex Ministro Corte de Apelaciones de Valdivia, y Ex Ministro Corte Suprema de Chile durante los a\u00f1os 1998 al 2006.<\/li>\n<\/ul>\n\n\n<div class=\"wp-block-image\">\n<figure class=\"aligncenter size-full is-resized\"><img loading=\"lazy\" decoding=\"async\" width=\"172\" height=\"244\" src=\"https:\/\/quintacastro.cl\/wp-content\/uploads\/2025\/04\/Osvaldo-Barrientos-Alvarado.png\" alt=\"\" class=\"wp-image-9305\" style=\"width:383px;height:auto\"\/><\/figure>\n<\/div>\n\n\n<ul class=\"wp-block-list\">\n<li>Osvaldo Barrientos Alvarado (Q.E.P.D.), Fundador de la Quinta Compa\u00f1\u00eda, 4\u00b0 Director en su historia y Capit\u00e1n en 1964, durante los a\u00f1os 1958 al 1961 ejerci\u00f3 como Gobernador del Departamento de Castro, miembro del Partido Liberal, Empleado Particular, fundador Cruz Roja Juvenil de Castro.<\/li>\n<\/ul>\n\n\n<div class=\"wp-block-image\">\n<figure class=\"aligncenter size-full is-resized\"><img loading=\"lazy\" decoding=\"async\" width=\"110\" height=\"158\" src=\"https:\/\/quintacastro.cl\/wp-content\/uploads\/2025\/04\/Gaston-Guarda-Desfile.jpg\" alt=\"\" class=\"wp-image-9306\" style=\"width:354px;height:auto\"\/><\/figure>\n<\/div>\n\n\n<ul class=\"wp-block-list\">\n<li>Gast\u00f3n Guarda Barrientos (Q.E.P.D.),-Director de la Quinta Compa\u00f1\u00eda durante 1965, de Profesi\u00f3n Cirujano Dentista, fue Piloto Civil y Fundador del Club A\u00e9reo de Castro.<\/li>\n<\/ul>\n\n\n<div class=\"wp-block-image\">\n<figure class=\"aligncenter size-full is-resized\"><img loading=\"lazy\" decoding=\"async\" width=\"165\" height=\"226\" src=\"https:\/\/quintacastro.cl\/wp-content\/uploads\/2025\/04\/ANGEL-PEREZ.png\" alt=\"\" class=\"wp-image-9307\" style=\"width:385px;height:auto\"\/><\/figure>\n<\/div>\n\n\n<blockquote class=\"wp-block-quote is-layout-flow wp-block-quote-is-layout-flow\">\n<ul class=\"wp-block-list\">\n<li>Padre \u00c1ngel P\u00e9rez P\u00e9rez, (Q.E.P.D.), Fundador de la Quinta Compa\u00f1\u00eda, Director durante los a\u00f1os 1976,1977,1979,1980,1981, Fue Capell\u00e1n del Cuerpo de Bomberos de Castro, destacado Sacerdote y vecino de nuestra comuna.<\/li>\n<\/ul>\n<\/blockquote>\n\n\n<div class=\"wp-block-image\">\n<figure class=\"aligncenter size-full is-resized\"><img loading=\"lazy\" decoding=\"async\" width=\"99\" height=\"160\" src=\"https:\/\/quintacastro.cl\/wp-content\/uploads\/2025\/04\/carlos-gomez.png\" alt=\"\" class=\"wp-image-9308\" style=\"width:285px;height:auto\"\/><\/figure>\n<\/div>\n\n\n<ul class=\"wp-block-list\">\n<li>Carlos Gomez Vera (Q.E.P.D.), Profesor Normalista, Historia y Geograf\u00eda, Director del Liceo de Castro,  Destacado Escritor y autor de numerosos Textos y Libros sobre Historia de Chilo\u00e9, Escritor del Libro de los 30 a\u00f1os de Historia de la Quinta Compa\u00f1\u00eda. Fallece siendo Director en el a\u00f1o 1993, habiendo sido nombrado adem\u00e1s \u00abMejor Director 1992\u00bb por el Honorable Directorio General del Cuerpo de Bomberos.<\/li>\n<\/ul>\n\n\n<div class=\"wp-block-image\">\n<figure class=\"aligncenter size-large is-resized\"><img loading=\"lazy\" decoding=\"async\" width=\"766\" height=\"1024\" src=\"https:\/\/quintacastro.cl\/wp-content\/uploads\/2025\/04\/RAMON-CARCAMO-CARDENAS-766x1024.webp\" alt=\"\" class=\"wp-image-9309\" style=\"width:340px;height:auto\" srcset=\"https:\/\/quintacastro.cl\/wp-content\/uploads\/2025\/04\/RAMON-CARCAMO-CARDENAS-766x1024.webp 766w, https:\/\/quintacastro.cl\/wp-content\/uploads\/2025\/04\/RAMON-CARCAMO-CARDENAS-224x300.webp 224w, https:\/\/quintacastro.cl\/wp-content\/uploads\/2025\/04\/RAMON-CARCAMO-CARDENAS-768x1026.webp 768w, https:\/\/quintacastro.cl\/wp-content\/uploads\/2025\/04\/RAMON-CARCAMO-CARDENAS-1149x1536.webp 1149w, https:\/\/quintacastro.cl\/wp-content\/uploads\/2025\/04\/RAMON-CARCAMO-CARDENAS.webp 1302w\" sizes=\"auto, (max-width: 766px) 100vw, 766px\" \/><\/figure>\n<\/div>\n\n\n<ul class=\"wp-block-list\">\n<li>Ram\u00f3n C\u00e1rcamo Cardenas, Profesor Normalista, Ex Director de la Escuela N\u00b01 \u00abLuis Uribe D\u00edaz\u00bb, Ex Presidente del Consejo Provincial de Superintendentes de Chilo\u00e9 durante dos d\u00e9cadas, ocupo los cargos m\u00e1s altos de la instituci\u00f3n, siendo Vicesuperintendente y posteriormente Superintendente entre los a\u00f1os 1983 al 1996, , recibiendo al final de su carrera en servicio el reconocimiento como \u00abDirector Honorario del Cuerpo de Bomberos de Castro\u00bb. Durante su mandato el Cuerpo celebr\u00f3 100 a\u00f1os de historia.<\/li>\n<\/ul>\n\n\n<div class=\"wp-block-image\">\n<figure class=\"aligncenter size-full is-resized\"><img loading=\"lazy\" decoding=\"async\" width=\"218\" height=\"275\" src=\"https:\/\/quintacastro.cl\/wp-content\/uploads\/2025\/04\/RENATO-TORO.jpeg\" alt=\"\" class=\"wp-image-9310\" style=\"width:356px;height:auto\"\/><\/figure>\n<\/div>\n\n\n<ul class=\"wp-block-list\">\n<li>Renato Prudencio Toro Alvarado, Comerciante y vecino destacado de Castro, ha ocupado en su trayectoria bomberil los m\u00e1s diversos cargos administrativos, desde Director de Compa\u00f1\u00eda como tambi\u00e9n Pro-Secretario General en 1969, sin duda se destac\u00f3 desde la parte Operativa de la Instituci\u00f3n siendo Tercer Comandante en 1977, Luego Segundo Comandante en 1982 y luego nuestro Primer Comandante en 1985, cargo que ocup\u00f3 durante m\u00e1s de una d\u00e9cada, actualmente es Director Honorario de nuestra instituci\u00f3n y Bombero Insigne de Chile.<\/li>\n<\/ul>\n","protected":false},"excerpt":{"rendered":"","protected":false},"author":1,"featured_media":0,"parent":0,"menu_order":0,"comment_status":"closed","ping_status":"closed","template":"","meta":{"footnotes":""},"class_list":["post-67","page","type-page","status-publish","hentry"],"_links":{"self":[{"href":"https:\/\/quintacastro.cl\/index.php?rest_route=\/wp\/v2\/pages\/67","targetHints":{"allow":["GET"]}}],"collection":[{"href":"https:\/\/quintacastro.cl\/index.php?rest_route=\/wp\/v2\/pages"}],"about":[{"href":"https:\/\/quintacastro.cl\/index.php?rest_route=\/wp\/v2\/types\/page"}],"author":[{"embeddable":true,"href":"https:\/\/quintacastro.cl\/index.php?rest_route=\/wp\/v2\/users\/1"}],"replies":[{"embeddable":true,"href":"https:\/\/quintacastro.cl\/index.php?rest_route=%2Fwp%2Fv2%2Fcomments&post=67"}],"version-history":[{"count":4,"href":"https:\/\/quintacastro.cl\/index.php?rest_route=\/wp\/v2\/pages\/67\/revisions"}],"predecessor-version":[{"id":9475,"href":"https:\/\/quintacastro.cl\/index.php?rest_route=\/wp\/v2\/pages\/67\/revisions\/9475"}],"wp:attachment":[{"href":"https:\/\/quintacastro.cl\/index.php?rest_route=%2Fwp%2Fv2%2Fmedia&parent=67"}],"curies":[{"name":"wp","href":"https:\/\/api.w.org\/{rel}","templated":true}]}}