{"id":63,"date":"2016-11-27T19:55:52","date_gmt":"2016-11-27T19:55:52","guid":{"rendered":"http:\/\/quintacastro.cl\/?page_id=63"},"modified":"2025-04-07T17:13:28","modified_gmt":"2025-04-07T20:13:28","slug":"historia","status":"publish","type":"page","link":"https:\/\/quintacastro.cl\/?page_id=63","title":{"rendered":"Historia"},"content":{"rendered":"<p><em>Por los d\u00edas de marzo de 1959 se cavilaba la posibilidad cierta de crear una nueva Compa\u00f1\u00eda entre los habitantes altruistas y visionarios; conversaciones, ideas y pensamientos se transmiten en diversos grupos de opini\u00f3n, que fueron adquiriendo fuerza en el mes siguiente. Destacaban dos personas en este se\u00f1o: Arturo C\u00e1rcamo C\u00e1rdenas e Ives Andrade Mourett, empe\u00f1ados en dar vida a una nueva entidad bomberil. Muchos d\u00edas en sus propios hogares dialogaban estos vecinos y, paulatinamente, tales conversaciones se proyectan hacia otras personas con las que fueron relacion\u00e1ndose en aquellos agitados tiempos oto\u00f1ales de abril.<\/em><\/p>\n<p><em>Las motivaciones eran muchas, empero exist\u00eda una aut\u00e9ntica necesidad de proseguir reforzando el Cuerpo de Bomberos con nuevos eslabones desde 1955, aproximadamente. Sabido era que el Directorio General, y por ende la instituci\u00f3n, requer\u00edan del apoyo humano, con m\u00e1s voluntarios dispuestos a trabajar por el bien bomberil, que ya contaba con cuatro abnegadas Compa\u00f1\u00edas.<\/em><\/p>\n<p><em>Ambos personeros, considerando los planteamientos mencionados, difunden su idea y la proyectan a diversas personas que compart\u00edan la vida p\u00fablica de entonces, y de all\u00ed surgieron los bomberos fundadores de la nueva Compa\u00f1\u00eda. Ellos fueron citados la primera semana del mes siguiente, un d\u00eda viernes\u00a0<strong>6 de mayo de 1959<\/strong>, en la sala de sesiones de la Cuarta Compa\u00f1\u00eda, cuartel localizado entre calle Aldunate con Balmaceda, en el inicio del horario vespertino. El d\u00eda del nacimiento se conform\u00f3 una Directiva moment\u00e1nea y sujeta a cambios, teniendo en cuenta las reales posibilidades y condiciones de los voluntarios en la labor com\u00fan precedente. Aquella solemne reuni\u00f3n constitutiva se realiz\u00f3 a las 19:00 horas, augurando por la excelente asistencia a este primer llamado un promisorio futuro. El ide\u00f3logo y so\u00f1ador Arturo C\u00e1rcamo C\u00e1rdenas form\u00f3 para de la Compa\u00f1\u00eda cinco d\u00edas despu\u00e9s de fundada, por razones que le impidieron estar en la fecha tan crucial.<\/em><\/p>\n<p><em>A esta primera convocatoria, entre quienes llegaron dispuestos a vitalizar la nacida organizaci\u00f3n tenemos a: Jaime Morand\u00e9 Orrego; Ives Andrade Mourett; Gustavo D\u00edaz Ote\u00edza; Julio Miserda Peruzovic; Jorge Toro Ojeda; Guillermo Vicencio Sanguinetti; Jorge Rivera Vernales; Miguel Andrade Oyarz\u00fan; Silvio P\u00e9rez Torres; Francisco Vetterlein\u00a0 Rodr\u00edguez; \u00c1lvaro Barrientos Rosas; Jorge Gonz\u00e1lez L\u00f3pez; Ram\u00f3n Aguirre Viouroux; Valdemar Pe\u00f1a Carmona; \u00c1ngel P\u00e9rez P\u00e9rez; Arcadio P\u00e9rez B\u00f3rquez; Domingo Yurac Soto; Alfredo Azancot Vallejos; Emanuel Silva Ru\u00edz; Juan Soto Vel\u00e1squez; Ram\u00f3n Barrientos P\u00e9rez; Sergio Andrade Andrade; Alessandri Pinto Miranda; Julio Barrientos Bilisco; Julio Fuentes Oliva; Justo Ochoa Acevedo; Rolando Berndt Bahamonde; Ubaldo N\u00fa\u00f1ez \u00c1lvarez; Efra\u00edn Ulloa Venturelli; Ra\u00fal Olivares D\u00edas; Carlos Rehbein Schnettler; Exequiel Berr\u00edos Guzm\u00e1n; Arturo P\u00e9rez Gallardo; H\u00e9ctor Vera Mac\u00edas; Ernesto Pacheco Flores. Treinta y cinco voluntarios firman el Acta Fundacional y organizan un mando activo que conform\u00f3 un Directorio temporal, a la espera de acontecimientos pr\u00f3ximos que entre los que en el m\u00e1s fundamental era obtener la admiraci\u00f3n de la Quinta Compa\u00f1\u00eda al Cuerpo de Bomberos como una nueva instituci\u00f3n integrante. Tras estos nombres se cern\u00eda la fundamentaci\u00f3n de nutrir al Cuerpo de Bomberos, ansioso de mayor capacidad humana y proyectar renovadas ideas bomberiles en el aspecto ejecutivo y principalmente administrativo.<\/em><\/p>\n<p><em>Con fecha 13 de mayo, el Directorio General constituido por el Superintendente: Juan Barrientos Barr\u00eda; Vicesuperintendente, Ismael Latif Andrade; Secretario General, Sergio Miranda L\u00f3pez; Tesorero General, H\u00e9ctor C\u00e1rdenas B\u00f3rquez; Comandante, Francisco Pi\u00f1eiro Prieto; 2\u00b0 Comandante, Ra\u00fal Godoy; y los Directores de la Primera, Zoilo G\u00f3mez Mu\u00f1oz; Segunda, Ismael Latif Andrade; Tercera, Juan B\u00f3rquez B\u00f3rquez; Cuarta, Eduardo Ballesteros Mu\u00f1oz; explican al Director provisorio de la Quinta Compa\u00f1\u00eda en formaci\u00f3n, con el Oficio Nro. 37 del a\u00f1o lectivo intitulado\u00a0<strong>\u201cFormaci\u00f3n Quinta Compa\u00f1\u00eda de Bomberos Castro\u201d<\/strong>\u00a0dirigido a Jaime Morand\u00e9 Orrego, quien en ese instante desempe\u00f1aba el cargo, y el primero hist\u00f3ricamente en 1959 que, luego de la reuni\u00f3n celebrada ayer tarde, se acord\u00f3 aceptar a esta nueva Compa\u00f1\u00eda simbolizando con su n\u00famero 5.<\/em><\/p>\n<p><em>Se\u00f1alan enseguida que este grupo de voluntarios no puede actuar oficialmente mientras no considere los aspectos establecidos en el Reglamento General, como ingreso de bomberos nuevos, hojas de servicio anteriores en otras Compa\u00f1\u00edas de la ciudad o pa\u00eds, m\u00e1s otros considerados y, al finalizar el Oficio se lee \u201cNos es muy grato felicitar al se\u00f1or Director y voluntario de esa Compa\u00f1\u00eda en formaci\u00f3n, por el alto esp\u00edritu de humanidad y altruismo al abrazar la abnegada y siempre criticada carrera de Caballeros del Fuego, y les deseamos toda clase de \u00e9xito en la empresa iniciada\u201d. Agregan los antecedentes de edad bomberil no superior a 40 a\u00f1os para el ingreso, adem\u00e1s de no olvidar que los bienes de la Compa\u00f1\u00eda adquiridos m\u00e1s adelante pasan a ser propiedad inmediata del Cuerpo de Bomberos, precepto que se mantienen a\u00fan inalterables.<\/em><\/p>\n<p><em>En este a\u00f1o crucial del nacimiento quintino, el Cuerpo de Bomberos manten\u00eda en Castro 9 pozos de emergencias y un solo carro bomba para cubrir alg\u00fan siniestro: el Ford A. Durante 1960 la poblaci\u00f3n local ascend\u00eda a 7.001 habitantes, adem\u00e1s\u00a0 en 1962 ya viv\u00edan en Castro Alto unas 1.800 personas, aproximadamente; guarismos que representaban la necesidad de optimizar el servicio bomberil no s\u00f3lo por el relativo crecimiento poblacional, sino urbano. Se requer\u00edan y ped\u00edan dos bombas con urgencia, y eran tambi\u00e9n momentos de problemas financieros; el Superintendente de entonces se\u00f1alaba \u201cnos encontramos en una cr\u00edtica situaci\u00f3n econ\u00f3mica\u201d, el 30 de enero. Aun as\u00ed, hab\u00eda preocupaci\u00f3n por concretar el Cuartel General. Inmersa en estas preocupaciones mayores y mayores, nac\u00eda la nueva Compa\u00f1\u00eda.<\/em><\/p>\n<p><em>A mediados de a\u00f1o, la Quinta Compa\u00f1\u00eda cumpl\u00eda con los acuerdos considerandos en la primera reuni\u00f3n, ya que como mencionamos, los Directores eran provisorios y se hab\u00eda cumplido el inicio organizacional. Recordemos que la primera presentaci\u00f3n p\u00fablica como agrupaci\u00f3n bajo en n\u00famero 5 se efectu\u00f3 15 d\u00edas despu\u00e9s de la fundaci\u00f3n, entre la expectativa ciudadana, que aplaud\u00eda el reciente refuerzo bomberil y, con la aceptaci\u00f3n t\u00e1ctica del voluntariado de las Compa\u00f1\u00edas.<\/em><\/p>\n<p><em>El 21 de mayo de 1959 recibi\u00f3 a los nuevos bomberos en Plaza Prats. Desfilaron gallardamente con tenida de civil, impecables en su paso marcial, identificados todos con un\u00a0 brazalete blanco en la brazo izquierdo, impreso en con n\u00famero cinco, notorio y grande de color verde. El inicio de la tares estaba cumplido; ya exist\u00eda en presencia tanto para el Cuerpo de Bomberos, como para la comunidad.<\/em><\/p>\n<p><em>Un mes y d\u00edas despu\u00e9s se eligi\u00f3 la Oficialidad definitiva para el resto del a\u00f1o. El 5 de julio, las elecciones determinaron la siguiente Directiva:<\/em><\/p>\n<p><em>DIRECTOR: Arcadio P\u00e9rez B\u00f3rquez.<\/em><\/p>\n<p><em>CAPITAN: Ives Andrade Mourett.<\/em><\/p>\n<p><em>TENIENTE 1\u00b0: Julio Barrientos Bilisco.<\/em><\/p>\n<p><em>TENIENTE 2\u00b0: Julio Fuentes Oliva.<\/em><\/p>\n<p><em>TENIENTE 3\u00b0: Gustavo D\u00edaz Ote\u00edza.<\/em><\/p>\n<p><em>SECRETARIO: Domingo Yurac Soto.<\/em><\/p>\n<p><em>PRO-SECRETARIO: Alfredo Azancot Vallejos.<\/em><\/p>\n<p><em>TESORERO: Justo Ochoa Acevedo.<\/em><\/p>\n<p><em>PRO-TESORERO: Rolando Berndt Bahamonde.<\/em><\/p>\n<p><em>AYUDANTE: Miguel Andrade Oyarz\u00fan.<\/em><\/p>\n<p><em>MAQUINISTA: Ubaldo N\u00fa\u00f1ez \u00c1lvarez.<\/em><\/p>\n<p><em>\u00a0\u00a0\u00a0\u00a0\u00a0\u00a0\u00a0\u00a0\u00a0\u00a0\u00a0\u00a0\u00a0\u00a0\u00a0\u00a0\u00a0\u00a0\u00a0\u00a0\u00a0\u00a0\u00a0\u00a0 Efra\u00edn Ulloa Venturelli.<\/em><\/p>\n<p><em>CAPELLAN: \u00c1ngel P\u00e9rez P\u00e9rez.<\/em><\/p>\n<p><em>CONSEJO DISCIPLINA: \u00c1lvaro Barrientos Rosas, Jaime Morand\u00e9 Orrego; Ra\u00fal Olivares D\u00edaz; Carlos Rehbein Schnettler; Exequiel Berr\u00edos Guzm\u00e1n.<\/em><\/p>\n<p><em>Una primera etapa se alcanz\u00f3 con cambios directivos, afianzando como grupo integrado al Cuerpo de Bomberos; interrelaciones y afiatamiento de los voluntarios para entregar un buen servicio a la comunidad, objetivo final presente en las decisiones de los fundadores.<\/em><\/p>\n<p><em>Ya se presenciaban beneficios sociales, Castro presentaba una etapa de mejoras urbanas: electrificaci\u00f3n, pavimentaci\u00f3n, alcantarillado y apoyo econ\u00f3mico del Gobierno al Cuerpo de Bomberos para construir el Cuartel Central en el mismo lugar donde estuvo el Liceo de Ni\u00f1as ya demolido; todo esto es concretado en diciembre de 1959. Ese mismo mes la Quinta Compa\u00f1\u00eda comunicaba la designaci\u00f3n de electores y suplentes para la elecci\u00f3n del Directorio General que regir\u00eda los destinos bomberiles en 1960. Ellos eran Arcadio P\u00e9rez B\u00f3rquez; Julio Fuentes Oliva; Domingo Yurac Soto, como titulares, y los suplentes: Julio Barrientos Bilisco; Arturo C\u00e1rcamo C\u00e1rdenas. Esta importante participaci\u00f3n significaba la integraci\u00f3n definitiva de la Compa\u00f1\u00eda en las decisiones gubernativas institucionales. Ya contaba con todos los derechos, al igual que las precedentes, y constitu\u00eda el atisbo futurista que deparar\u00eda un liderazgo administrativo y ejecutivo, que diez a\u00f1os despu\u00e9s se confirmar\u00eda con el apoyo del Cuerpo de Bomberos.<\/em><\/p>\n<p><em>Eligieron como lema de la Compa\u00f1\u00eda, despu\u00e9s de di\u00e1logos enriquecedores, el de\u00a0<strong>\u201cAbnegaci\u00f3n y Sacrificio\u201d<\/strong>, conceptos decidores en el devenir como agrupaci\u00f3n, y base ideol\u00f3gica en aquel momento crucial de sus inicios.<\/em><\/p>\n<p><em>A fines del 59, enormes alegr\u00edas y sentimientos compartidos, no s\u00f3lo de los voluntarios, sino de la vecindad local, el contar con otra Compa\u00f1\u00eda que potencia al Cuerpo de Bomberos en m\u00faltiples aspectos. La Quinta Compa\u00f1\u00eda irrump\u00eda en la historia cotidiana con gran solidez y responsabilidad, integr\u00e1ndose inmediatamente al acontecer ciudadano.<\/em><\/p>\n<p style=\"text-align: center;\">\n<p style=\"text-align: center;\">\n\n<div class=\"wp-block-image\">\n<figure class=\"aligncenter size-full is-resized\"><img loading=\"lazy\" decoding=\"async\" width=\"584\" height=\"338\" src=\"https:\/\/quintacastro.cl\/wp-content\/uploads\/2025\/04\/FB_IMG_1615071459985-1.jpg\" alt=\"\" class=\"wp-image-9360\" style=\"width:774px;height:auto\" srcset=\"https:\/\/quintacastro.cl\/wp-content\/uploads\/2025\/04\/FB_IMG_1615071459985-1.jpg 584w, https:\/\/quintacastro.cl\/wp-content\/uploads\/2025\/04\/FB_IMG_1615071459985-1-300x174.jpg 300w\" sizes=\"auto, (max-width: 584px) 100vw, 584px\" \/><\/figure>\n<\/div>","protected":false},"excerpt":{"rendered":"<p>Por los d\u00edas de marzo de 1959 se cavilaba la posibilidad cierta de crear una nueva Compa\u00f1\u00eda entre los habitantes altruistas y visionarios; conversaciones, ideas y pensamientos se transmiten en diversos grupos de opini\u00f3n, que fueron adquiriendo fuerza en el mes siguiente. Destacaban dos personas en este se\u00f1o: Arturo C\u00e1rcamo C\u00e1rdenas e Ives Andrade Mourett,<br \/><a class=\"btn btn-theme post-btn\" href=\"https:\/\/quintacastro.cl\/?page_id=63\">Leer m\u00e1s<\/a><\/p>\n","protected":false},"author":1,"featured_media":0,"parent":0,"menu_order":0,"comment_status":"closed","ping_status":"closed","template":"","meta":{"footnotes":""},"class_list":["post-63","page","type-page","status-publish","hentry"],"_links":{"self":[{"href":"https:\/\/quintacastro.cl\/index.php?rest_route=\/wp\/v2\/pages\/63","targetHints":{"allow":["GET"]}}],"collection":[{"href":"https:\/\/quintacastro.cl\/index.php?rest_route=\/wp\/v2\/pages"}],"about":[{"href":"https:\/\/quintacastro.cl\/index.php?rest_route=\/wp\/v2\/types\/page"}],"author":[{"embeddable":true,"href":"https:\/\/quintacastro.cl\/index.php?rest_route=\/wp\/v2\/users\/1"}],"replies":[{"embeddable":true,"href":"https:\/\/quintacastro.cl\/index.php?rest_route=%2Fwp%2Fv2%2Fcomments&post=63"}],"version-history":[{"count":3,"href":"https:\/\/quintacastro.cl\/index.php?rest_route=\/wp\/v2\/pages\/63\/revisions"}],"predecessor-version":[{"id":9361,"href":"https:\/\/quintacastro.cl\/index.php?rest_route=\/wp\/v2\/pages\/63\/revisions\/9361"}],"wp:attachment":[{"href":"https:\/\/quintacastro.cl\/index.php?rest_route=%2Fwp%2Fv2%2Fmedia&parent=63"}],"curies":[{"name":"wp","href":"https:\/\/api.w.org\/{rel}","templated":true}]}}