{"id":106,"date":"2016-11-27T21:25:23","date_gmt":"2016-11-27T21:25:23","guid":{"rendered":"http:\/\/quintacastro.cl\/?page_id=106"},"modified":"2024-08-23T19:53:18","modified_gmt":"2024-08-23T22:53:18","slug":"como-ser-bombero","status":"publish","type":"page","link":"https:\/\/quintacastro.cl\/?page_id=106","title":{"rendered":"C\u00f3mo Ser Bombero"},"content":{"rendered":"<p>&nbsp;<\/p>\n<p>Entre los requisitos b\u00e1sicos para ser Bombero est\u00e1n:<\/p>\n<ul>\n<li>Ser mayor de 17 a\u00f1os<\/li>\n<li>Salud compatible a la actividad<\/li>\n<li>2\u00ba A\u00f1o\u00a0Medio educaci\u00f3n<\/li>\n<li>Certificado de antecedentes<\/li>\n<\/ul>\n<p>Para mayor informaci\u00f3n sobre el proceso, acercarse al cuartel los d\u00edas martes y viernes de 20 horas en adelante. Balmaceda Esq. Aldunate<\/p>\n<p>Contacto Via Whatsapp +56953419663<\/p>\n<p>Nuestro Mail de Contacto : contacto@quintacastro.cl<\/p>\n<p>\u00a1\u00a1\u00a1\u00a1\u00a1\u00a1\u00a1\u00a1\u00a1\u00a1\u00a1Te Esperamos!!!!!!!!!!!<\/p>\n\n\n<figure class=\"wp-block-image size-large\"><img loading=\"lazy\" decoding=\"async\" width=\"1024\" height=\"611\" src=\"https:\/\/quintacastro.cl\/wp-content\/uploads\/2024\/08\/cuartel-1024x611.jpg\" alt=\"\" class=\"wp-image-9150\" srcset=\"https:\/\/quintacastro.cl\/wp-content\/uploads\/2024\/08\/cuartel-1024x611.jpg 1024w, https:\/\/quintacastro.cl\/wp-content\/uploads\/2024\/08\/cuartel-300x179.jpg 300w, https:\/\/quintacastro.cl\/wp-content\/uploads\/2024\/08\/cuartel-768x459.jpg 768w, https:\/\/quintacastro.cl\/wp-content\/uploads\/2024\/08\/cuartel.jpg 1504w\" sizes=\"auto, (max-width: 1024px) 100vw, 1024px\" \/><\/figure>\n","protected":false},"excerpt":{"rendered":"<p>&nbsp; Entre los requisitos b\u00e1sicos para ser Bombero est\u00e1n: Ser mayor de 17 a\u00f1os Salud compatible a la actividad 2\u00ba A\u00f1o\u00a0Medio educaci\u00f3n Certificado de antecedentes Para mayor informaci\u00f3n sobre el proceso, acercarse al cuartel los d\u00edas martes y viernes de 20 horas en adelante. Balmaceda Esq. Aldunate Contacto Via Whatsapp +56953419663 Nuestro Mail de Contacto<br \/><a class=\"btn btn-theme post-btn\" href=\"https:\/\/quintacastro.cl\/?page_id=106\">Leer m\u00e1s<\/a><\/p>\n","protected":false},"author":1,"featured_media":0,"parent":0,"menu_order":0,"comment_status":"closed","ping_status":"closed","template":"","meta":{"footnotes":""},"class_list":["post-106","page","type-page","status-publish","hentry"],"_links":{"self":[{"href":"https:\/\/quintacastro.cl\/index.php?rest_route=\/wp\/v2\/pages\/106","targetHints":{"allow":["GET"]}}],"collection":[{"href":"https:\/\/quintacastro.cl\/index.php?rest_route=\/wp\/v2\/pages"}],"about":[{"href":"https:\/\/quintacastro.cl\/index.php?rest_route=\/wp\/v2\/types\/page"}],"author":[{"embeddable":true,"href":"https:\/\/quintacastro.cl\/index.php?rest_route=\/wp\/v2\/users\/1"}],"replies":[{"embeddable":true,"href":"https:\/\/quintacastro.cl\/index.php?rest_route=%2Fwp%2Fv2%2Fcomments&post=106"}],"version-history":[{"count":8,"href":"https:\/\/quintacastro.cl\/index.php?rest_route=\/wp\/v2\/pages\/106\/revisions"}],"predecessor-version":[{"id":9151,"href":"https:\/\/quintacastro.cl\/index.php?rest_route=\/wp\/v2\/pages\/106\/revisions\/9151"}],"wp:attachment":[{"href":"https:\/\/quintacastro.cl\/index.php?rest_route=%2Fwp%2Fv2%2Fmedia&parent=106"}],"curies":[{"name":"wp","href":"https:\/\/api.w.org\/{rel}","templated":true}]}}